{"id":19,"date":"2020-11-12T09:45:14","date_gmt":"2020-11-12T09:45:14","guid":{"rendered":"http:\/\/plienid.lv\/?page_id=19"},"modified":"2020-12-02T10:33:44","modified_gmt":"2020-12-02T10:33:44","slug":"sakums","status":"publish","type":"page","link":"https:\/\/plienid.lv\/en\/","title":{"rendered":"S\u0101kums"},"content":{"rendered":"<div id=\"gutenslider-da20ryo56\" class=\"wp-block-eedee-block-gutenslider content-fixed alignfull arrow-style-1 arrow-position-sides arrow-mb-none dot-style-1 shadow is-position-center-center\" style=\"--gutenslider-min-height: 60vh;--gutenslider-arrow-size: 30px;--gutenslider-dot-size: 25px;--gutenslider-arrow-color: #ffffff;--gutenslider-dot-color: #ffffff;--gutenslider-padding-y-mobile: 40px;--gutenslider-padding-x-mobile: 40px;--gutenslider-padding-y-tablet: 40px;--gutenslider-padding-x-tablet: 40px;--gutenslider-padding-y-desktop: 40px;--gutenslider-padding-x-desktop: 40px;--gutenslider-bg-image: url();--gutenslider-min-height-md: 50vh;--gutenslider-min-height-sm: 50vh;--gutenslider-padding-x: 12%;--gutenslider-padding-x-md: 12%;--gutenslider-padding-x-sm: 12%;--gutenslider-padding-y: 0%;--gutenslider-padding-y-md: 0%;--gutenslider-padding-y-sm: 0%;--gutenslider-arrow-size-md: 30px;--gutenslider-arrow-size-sm: 30px;--gutenslider-dot-size-md: 25px;--gutenslider-dot-size-sm: 25px;--gutenslider-arrow-bg-color: transparent;--gutenslider-arrow-hover-color: #eeeeee;--gutenslider-arrow-bg-hover-color: transparent;--gutenslider-arrow-x-offset: 10px;--gutenslider-arrow-x-offset-md: 10px;--gutenslider-arrow-x-offset-sm: 10px;--gutenslider-arrow-y-offset: 0px;--gutenslider-arrow-y-offset-md: 0px;--gutenslider-arrow-y-offset-sm: 0px;--gutenslider-arrow-x-spacing: 0px;\" data-parallax-direction=\"down\" data-parallax-amount=\"1.3\"><div class=\"slider-overlay\" style=\"\"><\/div><div class=\"slick-slider\" data-slick='{\"lazyload\":\"ondemand\",\"infinite\":true,\"pauseOnFocus\":true,\"pauseOnHover\":true,\"dots\":true,\"arrows\":true,\"autoplaySpeed\":3000,\"speed\":700,\"autoplay\":true,\"fade\":true,\"pauseOnDotsHover\":true,\"slidesToShow\":1,\"slidesToScroll\":1,\"adaptiveHeight\":false,\"responsive\":[{\"breakpoint\":960,\"settings\":{\"arrows\":true,\"dots\":true,\"slidesToShow\":1,\"slidesToScroll\":1}},{\"breakpoint\":600,\"settings\":{\"arrows\":true,\"dots\":true,\"slidesToShow\":1,\"slidesToScroll\":1}}]}'>\n\n<div class=\"wp-block-eedee-block-gutenslide vertical-align-center\"><div id=\"gutenslide-mb0r528e4\"><div class=\"eedee-background-div\"><img loading=\"lazy\" width=\"1620\" height=\"1080\" class=\"wp-image-60\" src=\"http:\/\/plienid.lv\/wp-content\/uploads\/2020\/11\/mill-darken.png\" alt=\"\" style=\"object-fit:cover;object-position:50% 50%\" srcset=\"https:\/\/plienid.lv\/wp-content\/uploads\/2020\/11\/mill-darken.png 1620w, https:\/\/plienid.lv\/wp-content\/uploads\/2020\/11\/mill-darken-300x200.png 300w, https:\/\/plienid.lv\/wp-content\/uploads\/2020\/11\/mill-darken-1024x683.png 1024w, https:\/\/plienid.lv\/wp-content\/uploads\/2020\/11\/mill-darken-1600x1067.png 1600w, https:\/\/plienid.lv\/wp-content\/uploads\/2020\/11\/mill-darken-1536x1024.png 1536w\" sizes=\"(max-width: 1620px) 100vw, 1620px\" \/><div class=\"eedee-background-div__overlay\" style=\"opacity:1\"><\/div><\/div><div class=\"slide-content\">\n<p class=\"has-text-align-center gutenslider-content-initial has-larger-font-size\"><\/p>\n<\/div><\/div><\/div>\n\n\n\n<div class=\"wp-block-eedee-block-gutenslide vertical-align-center\"><div id=\"gutenslide-4yq024esm\"><div class=\"eedee-background-div\"><img loading=\"lazy\" width=\"1620\" height=\"1080\" class=\"wp-image-128\" src=\"http:\/\/plienid.lv\/wp-content\/uploads\/2020\/11\/washers-darken-min.png\" alt=\"\" style=\"object-fit:cover;object-position:50% 50%\" srcset=\"https:\/\/plienid.lv\/wp-content\/uploads\/2020\/11\/washers-darken-min.png 1620w, https:\/\/plienid.lv\/wp-content\/uploads\/2020\/11\/washers-darken-min-300x200.png 300w, https:\/\/plienid.lv\/wp-content\/uploads\/2020\/11\/washers-darken-min-1024x683.png 1024w, https:\/\/plienid.lv\/wp-content\/uploads\/2020\/11\/washers-darken-min-1600x1067.png 1600w, https:\/\/plienid.lv\/wp-content\/uploads\/2020\/11\/washers-darken-min-1536x1024.png 1536w\" sizes=\"(max-width: 1620px) 100vw, 1620px\" \/><div class=\"eedee-background-div__overlay\" style=\"opacity:1\"><\/div><\/div><div class=\"slide-content\">\n<p class=\"has-text-align-center gutenslider-content-initial has-larger-font-size\"><\/p>\n<\/div><\/div><\/div>\n\n\n\n<div class=\"wp-block-eedee-block-gutenslide vertical-align-center\"><div id=\"gutenslide-qnmfkxwne\"><div class=\"eedee-background-div\"><img loading=\"lazy\" width=\"1620\" height=\"1080\" class=\"wp-image-61\" src=\"http:\/\/plienid.lv\/wp-content\/uploads\/2020\/11\/screws-darken-min.png\" alt=\"\" style=\"object-fit:cover;object-position:50% 50%\" srcset=\"https:\/\/plienid.lv\/wp-content\/uploads\/2020\/11\/screws-darken-min.png 1620w, https:\/\/plienid.lv\/wp-content\/uploads\/2020\/11\/screws-darken-min-300x200.png 300w, https:\/\/plienid.lv\/wp-content\/uploads\/2020\/11\/screws-darken-min-1024x683.png 1024w, https:\/\/plienid.lv\/wp-content\/uploads\/2020\/11\/screws-darken-min-1600x1067.png 1600w, https:\/\/plienid.lv\/wp-content\/uploads\/2020\/11\/screws-darken-min-1536x1024.png 1536w\" sizes=\"(max-width: 1620px) 100vw, 1620px\" \/><div class=\"eedee-background-div__overlay\" style=\"opacity:1\"><\/div><\/div><div class=\"slide-content\">\n<p class=\"has-text-align-center gutenslider-content-initial has-larger-font-size\"><\/p>\n<\/div><\/div><\/div>\n\n\n\n<h1 class=\"has-text-align-center has-white-color has-text-color\"><strong>SIA \"PLIE\u0145I-D\" - CNC MECHANICAL SERVICES<\/strong><\/h1>\n\n<\/div><div class=\"wp-block-eedee-gutenslider__content mb-mb-none co-1\" style=\"\">\n\n<div class=\"wp-block-eedee-block-gutenslide vertical-align-center\"><div id=\"gutenslide-mb0r528e4\"><div class=\"eedee-background-div\"><img loading=\"lazy\" width=\"1620\" height=\"1080\" class=\"wp-image-60\" src=\"http:\/\/plienid.lv\/wp-content\/uploads\/2020\/11\/mill-darken.png\" alt=\"\" style=\"object-fit:cover;object-position:50% 50%\" srcset=\"https:\/\/plienid.lv\/wp-content\/uploads\/2020\/11\/mill-darken.png 1620w, https:\/\/plienid.lv\/wp-content\/uploads\/2020\/11\/mill-darken-300x200.png 300w, https:\/\/plienid.lv\/wp-content\/uploads\/2020\/11\/mill-darken-1024x683.png 1024w, https:\/\/plienid.lv\/wp-content\/uploads\/2020\/11\/mill-darken-1600x1067.png 1600w, https:\/\/plienid.lv\/wp-content\/uploads\/2020\/11\/mill-darken-1536x1024.png 1536w\" sizes=\"(max-width: 1620px) 100vw, 1620px\" \/><div class=\"eedee-background-div__overlay\" style=\"opacity:1\"><\/div><\/div><div class=\"slide-content\">\n<p class=\"has-text-align-center gutenslider-content-initial has-larger-font-size\"><\/p>\n<\/div><\/div><\/div>\n\n\n\n<div class=\"wp-block-eedee-block-gutenslide vertical-align-center\"><div id=\"gutenslide-4yq024esm\"><div class=\"eedee-background-div\"><img loading=\"lazy\" width=\"1620\" height=\"1080\" class=\"wp-image-128\" src=\"http:\/\/plienid.lv\/wp-content\/uploads\/2020\/11\/washers-darken-min.png\" alt=\"\" style=\"object-fit:cover;object-position:50% 50%\" srcset=\"https:\/\/plienid.lv\/wp-content\/uploads\/2020\/11\/washers-darken-min.png 1620w, https:\/\/plienid.lv\/wp-content\/uploads\/2020\/11\/washers-darken-min-300x200.png 300w, https:\/\/plienid.lv\/wp-content\/uploads\/2020\/11\/washers-darken-min-1024x683.png 1024w, https:\/\/plienid.lv\/wp-content\/uploads\/2020\/11\/washers-darken-min-1600x1067.png 1600w, https:\/\/plienid.lv\/wp-content\/uploads\/2020\/11\/washers-darken-min-1536x1024.png 1536w\" sizes=\"(max-width: 1620px) 100vw, 1620px\" \/><div class=\"eedee-background-div__overlay\" style=\"opacity:1\"><\/div><\/div><div class=\"slide-content\">\n<p class=\"has-text-align-center gutenslider-content-initial has-larger-font-size\"><\/p>\n<\/div><\/div><\/div>\n\n\n\n<div class=\"wp-block-eedee-block-gutenslide vertical-align-center\"><div id=\"gutenslide-qnmfkxwne\"><div class=\"eedee-background-div\"><img loading=\"lazy\" width=\"1620\" height=\"1080\" class=\"wp-image-61\" src=\"http:\/\/plienid.lv\/wp-content\/uploads\/2020\/11\/screws-darken-min.png\" alt=\"\" style=\"object-fit:cover;object-position:50% 50%\" srcset=\"https:\/\/plienid.lv\/wp-content\/uploads\/2020\/11\/screws-darken-min.png 1620w, https:\/\/plienid.lv\/wp-content\/uploads\/2020\/11\/screws-darken-min-300x200.png 300w, https:\/\/plienid.lv\/wp-content\/uploads\/2020\/11\/screws-darken-min-1024x683.png 1024w, https:\/\/plienid.lv\/wp-content\/uploads\/2020\/11\/screws-darken-min-1600x1067.png 1600w, https:\/\/plienid.lv\/wp-content\/uploads\/2020\/11\/screws-darken-min-1536x1024.png 1536w\" sizes=\"(max-width: 1620px) 100vw, 1620px\" \/><div class=\"eedee-background-div__overlay\" style=\"opacity:1\"><\/div><\/div><div class=\"slide-content\">\n<p class=\"has-text-align-center gutenslider-content-initial has-larger-font-size\"><\/p>\n<\/div><\/div><\/div>\n\n\n\n<h1 class=\"has-text-align-center has-white-color has-text-color\"><strong>SIA \"PLIE\u0145I-D\" - CNC MECHANICAL SERVICES<\/strong><\/h1>\n\n<\/div><button class=\"slick-arrow slick-prev eedee-gutenslider-nav eedee-gutenslider-prev\"><svg xmlns=\"http:\/\/www.w3.org\/2000\/svg\" viewbox=\"0 0 24 24\" width=\"24\" height=\"24\"><circle class=\"bg\" cx=\"13\" cy=\"12\" r=\"11\" \/><path fill=\"none\" d=\"M0 0h24v24H0z\"\/><path class=\"arrow\" d=\"M10.828 12l4.95 4.95-1.414 1.414L8 12l6.364-6.364 1.414 1.414z\"\/><\/svg><\/button><button class=\"slick-arrow slick-next eedee-gutenslider-nav eedee-gutenslider-next\"><svg xmlns=\"http:\/\/www.w3.org\/2000\/svg\" viewbox=\"0 0 24 24\" width=\"24\" height=\"24\"><circle class=\"bg\" cx=\"11\" cy=\"12\" r=\"11\" \/><path fill=\"none\" d=\"M0 0h24v24H0z\"\/><path class=\"arrow\" d=\"M13.172 12l-4.95-4.95 1.414-1.414L16 12l-6.364 6.364-1.414-1.414z\"\/><\/svg><\/button><\/div>\n\n\n<h1 class=\"has-text-align-center\"><strong>K\u0101p\u0113c m\u016bs?<\/strong><\/h1>\n\n\n\n<div class=\"wp-block-columns alignwide\">\n<div class=\"wp-block-column\">\n<div class=\"wp-block-image\"><figure class=\"aligncenter size-large is-resized\"><img src=\"http:\/\/plienid.lv\/wp-content\/uploads\/2020\/11\/check-2.png\" alt=\"\" class=\"wp-image-108\" width=\"80\" srcset=\"https:\/\/plienid.lv\/wp-content\/uploads\/2020\/11\/check-2.png 300w, https:\/\/plienid.lv\/wp-content\/uploads\/2020\/11\/check-2-150x150.png 150w\" sizes=\"(max-width: 300px) 100vw, 300px\" \/><\/figure><\/div>\n\n\n\n<h3 class=\"has-text-align-center has-black-color has-text-color\"><strong>Kvalit\u0101te<\/strong><\/h3>\n\n\n\n<p class=\"has-text-align-center\">M\u0113s str\u0101d\u0101jam pie t\u0101, lai nemit\u012bgi uzlabotu kvalit\u0101tes procesus. Pieredz\u0113ju\u0161u un atbild\u012bgu darbinieku komanda, k\u0101 ar\u012b nep\u0101rtraukta komunik\u0101cija ar klientu, ra\u017eo\u0161anas procesa laik\u0101, ir neat\u0146emama sast\u0101vda\u013ca.<\/p>\n<\/div>\n\n\n\n<div class=\"wp-block-column\">\n<div class=\"wp-block-image\"><figure class=\"aligncenter size-large is-resized\"><img src=\"http:\/\/plienid.lv\/wp-content\/uploads\/2020\/11\/cog-1.png\" alt=\"\" class=\"wp-image-109\" width=\"80\" srcset=\"https:\/\/plienid.lv\/wp-content\/uploads\/2020\/11\/cog-1.png 300w, https:\/\/plienid.lv\/wp-content\/uploads\/2020\/11\/cog-1-150x150.png 150w\" sizes=\"(max-width: 300px) 100vw, 300px\" \/><\/figure><\/div>\n\n\n\n<h3 class=\"has-text-align-center has-black-color has-text-color\"><strong>Optimiz\u0113ti izstr\u0101des procesi<\/strong><\/h3>\n\n\n\n<p class=\"has-text-align-center\">Lai sp\u0113tu saviem klientiem pied\u0101v\u0101t vislab\u0101ko, m\u016bsu ra\u017eo\u0161anas procesos tiek &nbsp;izmantotas progres\u012bvas apstr\u0101des tehnolo\u0123ijas un optimiz\u0113ta sagataves pl\u016bsma no materi\u0101la l\u012bdz gatavam izstr\u0101d\u0101jumam.&nbsp;<\/p>\n<\/div>\n\n\n\n<div class=\"wp-block-column\">\n<div class=\"wp-block-image\"><figure class=\"aligncenter size-large is-resized\"><img src=\"http:\/\/plienid.lv\/wp-content\/uploads\/2020\/11\/tachometer-1.png\" alt=\"\" class=\"wp-image-110\" width=\"80\" srcset=\"https:\/\/plienid.lv\/wp-content\/uploads\/2020\/11\/tachometer-1.png 300w, https:\/\/plienid.lv\/wp-content\/uploads\/2020\/11\/tachometer-1-150x150.png 150w\" sizes=\"(max-width: 300px) 100vw, 300px\" \/><\/figure><\/div>\n\n\n\n<h3 class=\"has-text-align-center has-black-color has-text-color\"><strong>\u0100trums<\/strong><\/h3>\n\n\n\n<p class=\"has-text-align-center\">M\u0113s pied\u0101v\u0101jam \u0101trus un atbilsto\u0161us pas\u016bt\u012bjuma izstr\u0101des termi\u0146us.<\/p>\n<\/div>\n<\/div>\n\n\n\n<h1 class=\"has-text-align-center\"><strong>Par mums<\/strong><\/h1>\n\n\n\n<div class=\"wp-block-columns alignwide\">\n<div class=\"wp-block-column\">\n<p>M\u0113s esam stabils un uzticams uz\u0146\u0113mums, kas pied\u0101v\u0101 CNC meh\u0101nisk\u0101s apstr\u0101des pakalpojumus. Da\u017e\u0101das formas un sare\u017e\u0123\u012bt\u012bbas virpotas vai fr\u0113z\u0113tas deta\u013cas un komponentes no t\u0113rauda, alum\u012bnija, plastmasas, ner\u016bs\u0113jo\u0161\u0101 t\u0113rauda, \u010duguna un citiem materi\u0101liem.<\/p>\n\n\n\n<p>M\u016bsu ilgtsp\u0113j\u012bbu apstiprina fakts, ka tirg\u016b darbojamies jau kop\u0161 2006. gada. L\u012bdz 2020. gadam m\u016bsu pamata nodarbo\u0161an\u0101s bija kravu p\u0101rvad\u0101jumi, ta\u010du, piesaistot citas nozares speci\u0101listus un invest\u0113jot met\u0101lapstr\u0101des apr\u012bkojum\u0101, esam s\u0101ku\u0161i nodarboties ar\u012b ar CNC meh\u0101nisko apstr\u0101di.<\/p>\n\n\n\n<p>Uz\u0146\u0113muma izaugsmes pamat\u0101 ir stabilas uz\u0146\u0113muma v\u0113rt\u012bbas, salied\u0113ts kolekt\u012bvs, kas sp\u0113j str\u0101d\u0101t ar\u012b nestandarta situ\u0101cij\u0101s un atrisin\u0101t visda\u017e\u0101d\u0101k\u0101s probl\u0113mas.<\/p>\n\n\n\n<p>&nbsp;M\u016bsu misija ir balst\u012bta uz darbinieku un klientu nemit\u012bgu izaugsmi, att\u012bst\u012bbu, stabilit\u0101ti un labkl\u0101j\u012bbu, jo k\u0101 v\u0113sta sens latvie\u0161u tic\u0113jums: \u201cKas neiet uz priek\u0161u, tas iet atpaka\u013c\u201d.<\/p>\n<\/div>\n<\/div>\n\n\n\n<div style=\"height:40px\" aria-hidden=\"true\" class=\"wp-block-spacer\"><\/div>\n\n\n\n<div class=\"wp-block-columns alignwide\">\n<div class=\"wp-block-column\">\n<div class=\"wp-block-image\"><figure class=\"aligncenter size-large is-resized\"><img src=\"http:\/\/plienid.lv\/wp-content\/uploads\/2020\/11\/misija-2.png\" alt=\"\" class=\"wp-image-351\" width=\"80\" srcset=\"https:\/\/plienid.lv\/wp-content\/uploads\/2020\/11\/misija-2.png 300w, https:\/\/plienid.lv\/wp-content\/uploads\/2020\/11\/misija-2-150x150.png 150w\" sizes=\"(max-width: 300px) 100vw, 300px\" \/><\/figure><\/div>\n\n\n\n<h3 class=\"has-text-align-center has-black-color has-text-color\"><strong>Misija<\/strong><\/h3>\n\n\n\n<p class=\"has-text-align-center\">Izmantojot efektivit\u0101ti, sp\u0113c\u012bgo iema\u0146u un zin\u0101\u0161anu b\u0101zi, m\u0113s veicin\u0101m gan savu darbinieku, gan klientu att\u012bst\u012bbu, stabilit\u0101ti un labkl\u0101j\u012bbu.<\/p>\n<\/div>\n\n\n\n<div class=\"wp-block-column\">\n<div class=\"wp-block-image\"><figure class=\"aligncenter size-large is-resized\"><img src=\"http:\/\/plienid.lv\/wp-content\/uploads\/2020\/11\/vertibas-1.png\" alt=\"\" class=\"wp-image-372\" width=\"80\" srcset=\"https:\/\/plienid.lv\/wp-content\/uploads\/2020\/11\/vertibas-1.png 300w, https:\/\/plienid.lv\/wp-content\/uploads\/2020\/11\/vertibas-1-150x150.png 150w\" sizes=\"(max-width: 300px) 100vw, 300px\" \/><\/figure><\/div>\n\n\n\n<h3 class=\"has-text-align-center has-black-color has-text-color\"><strong>Pamatv\u0113rt\u012bbas<\/strong><\/h3>\n\n\n\n<p class=\"has-text-align-center\">Pieredze<br>Komunik\u0101cija<br>Sadarb\u012bba<br>Uztic\u012bba<\/p>\n<\/div>\n\n\n\n<div class=\"wp-block-column\">\n<div class=\"wp-block-image\"><figure class=\"aligncenter size-large is-resized\"><img src=\"http:\/\/plienid.lv\/wp-content\/uploads\/2020\/11\/vizija-1.png\" alt=\"\" class=\"wp-image-371\" width=\"80\" srcset=\"https:\/\/plienid.lv\/wp-content\/uploads\/2020\/11\/vizija-1.png 300w, https:\/\/plienid.lv\/wp-content\/uploads\/2020\/11\/vizija-1-150x150.png 150w\" sizes=\"(max-width: 300px) 100vw, 300px\" \/><\/figure><\/div>\n\n\n\n<h3 class=\"has-text-align-center has-black-color has-text-color\"><strong>N\u0101kotnes v\u012bzija<\/strong><\/h3>\n\n\n\n<p class=\"has-text-align-center\">SIA \u201cPlie\u0146i-D\u201d &#8211; CNC meh\u0101nisk\u0101s apstr\u0101des uz\u0146\u0113mums ar nemit\u012bgi augo\u0161u pied\u0101v\u0101to pakalpojumu kl\u0101stu un konkur\u0113tsp\u0113j\u012bgu apr\u012bkojumu, kas ir starptautiski atz\u012bts sadarb\u012bbas partneris un augsti nov\u0113rt\u0113ts uz\u0146\u0113mums darbinieku un pieg\u0101d\u0101t\u0101ju vid\u016b.\u00a0<\/p>\n<\/div>\n<\/div>","protected":false},"excerpt":{"rendered":"<p>K\u0101p\u0113c m\u016bs? Kvalit\u0101te M\u0113s str\u0101d\u0101jam pie t\u0101, lai nemit\u012bgi uzlabotu kvalit\u0101tes procesus. Pieredz\u0113ju\u0161u un atbild\u012bgu darbinieku komanda, k\u0101 ar\u012b nep\u0101rtraukta komunik\u0101cija ar klientu, ra\u017eo\u0161anas procesa laik\u0101, ir neat\u0146emama sast\u0101vda\u013ca. Optimiz\u0113ti izstr\u0101des procesi Lai sp\u0113tu saviem klientiem pied\u0101v\u0101t vislab\u0101ko, m\u016bsu ra\u017eo\u0161anas procesos tiek &nbsp;izmantotas progres\u012bvas apstr\u0101des tehnolo\u0123ijas un optimiz\u0113ta sagataves pl\u016bsma no materi\u0101la l\u012bdz gatavam izstr\u0101d\u0101jumam.&nbsp; <a href=\"https:\/\/plienid.lv\/en\/\" class=\"more-link\">&#8230;<\/a><\/p>","protected":false},"author":1,"featured_media":0,"parent":0,"menu_order":0,"comment_status":"closed","ping_status":"closed","template":"","meta":[],"_links":{"self":[{"href":"https:\/\/plienid.lv\/en\/wp-json\/wp\/v2\/pages\/19"}],"collection":[{"href":"https:\/\/plienid.lv\/en\/wp-json\/wp\/v2\/pages"}],"about":[{"href":"https:\/\/plienid.lv\/en\/wp-json\/wp\/v2\/types\/page"}],"author":[{"embeddable":true,"href":"https:\/\/plienid.lv\/en\/wp-json\/wp\/v2\/users\/1"}],"replies":[{"embeddable":true,"href":"https:\/\/plienid.lv\/en\/wp-json\/wp\/v2\/comments?post=19"}],"version-history":[{"count":245,"href":"https:\/\/plienid.lv\/en\/wp-json\/wp\/v2\/pages\/19\/revisions"}],"predecessor-version":[{"id":450,"href":"https:\/\/plienid.lv\/en\/wp-json\/wp\/v2\/pages\/19\/revisions\/450"}],"wp:attachment":[{"href":"https:\/\/plienid.lv\/en\/wp-json\/wp\/v2\/media?parent=19"}],"curies":[{"name":"wp","href":"https:\/\/api.w.org\/{rel}","templated":true}]}}