{"id":23,"date":"2020-11-12T10:21:03","date_gmt":"2020-11-12T10:21:03","guid":{"rendered":"http:\/\/plienid.lv\/?page_id=23"},"modified":"2020-11-30T12:33:12","modified_gmt":"2020-11-30T12:33:12","slug":"pakalpojumi","status":"publish","type":"page","link":"https:\/\/plienid.lv\/en\/pakalpojumi\/","title":{"rendered":"Pakalpojumi"},"content":{"rendered":"<h1 class=\"has-text-align-center has-black-color has-text-color\"><strong>M\u016bsu pied\u0101v\u0101tie pakalpojumi<\/strong><\/h1>\n\n\n\n<div class=\"wp-block-columns alignfull\">\n<div class=\"wp-block-column\">\n<div class=\"wp-block-cover has-background-dim-60 has-background-dim shadow\" style=\"background-image:url(http:\/\/plienid.lv\/wp-content\/uploads\/2020\/11\/IMG_7948-min-scaled.jpg)\"><div class=\"wp-block-cover__inner-container\">\n<p class=\"has-text-align-center scroll-link text-hover-grow has-white-color has-text-color has-large-font-size\"><a href=\"#frezesana\">Fr\u0113z\u0113\u0161ana<\/a><\/p>\n<\/div><\/div>\n<\/div>\n\n\n\n<div class=\"wp-block-column\">\n<div class=\"wp-block-cover has-background-dim shadow\" style=\"background-image:url(http:\/\/plienid.lv\/wp-content\/uploads\/2020\/11\/IMG_7710-min-scaled.jpg)\"><div class=\"wp-block-cover__inner-container\">\n<p class=\"has-text-align-center scroll-link text-hover-grow has-white-color has-text-color has-large-font-size\"><a href=\"#virposana\">Virpo\u0161ana<\/a><\/p>\n<\/div><\/div>\n<\/div>\n\n\n\n<div class=\"wp-block-column\">\n<div class=\"wp-block-cover has-background-dim-60 has-background-dim shadow\" style=\"background-image:url(http:\/\/plienid.lv\/wp-content\/uploads\/2020\/11\/pexels-pavel-chernonogov-2381463-min1-scaled.jpg)\"><div class=\"wp-block-cover__inner-container\">\n<p class=\"has-text-align-center scroll-link text-hover-grow has-white-color has-text-color has-large-font-size\"><a href=\"#citi\">Citi pakalpojumi<\/a><\/p>\n<\/div><\/div>\n<\/div>\n<\/div>\n\n\n\n<h2 class=\"has-text-align-center has-black-color has-text-color\" id=\"frezesana\"><strong>Fr\u0113z\u0113\u0161ana<\/strong><\/h2>\n\n\n\n<p class=\"has-text-align-center\">M\u0113s pied\u0101v\u0101jam da\u017e\u0101das sare\u017e\u0123\u012bt\u012bbas deta\u013cas ar augstu precizit\u0101ti un kvalit\u0101ti. <br>CNC fr\u0113z\u0113\u0161anas pakalpojumus nodro\u0161in\u0101m ar sekojo\u0161iem darbagaldiem:<\/p>\n\n\n\n<div class=\"wp-block-columns alignwide\">\n<div class=\"wp-block-column\">\n<figure class=\"wp-block-table is-style-stripes\"><table><tbody><tr><td><strong>Brand<\/strong><\/td><td>HAAS VF-3<\/td><\/tr><tr><td><strong>Spindle<\/strong><\/td><td>20hp, BT40, 7500rpm<\/td><\/tr><tr><td><strong>Table Size<\/strong><\/td><td>1200x500mm<\/td><\/tr><tr><td><strong>Travels<\/strong><\/td><td>X-travel: 1010mm<br>Y-travel: 500mm<br>Z-travel: 630mm<br>A-travel: 360deg and<br>225mm spindle center to table.<\/td><\/tr><\/tbody><\/table><\/figure>\n<\/div>\n\n\n\n<div class=\"wp-block-column\">\n<figure class=\"wp-block-table is-style-stripes\"><table><tbody><tr><td><strong>Brand<\/strong><\/td><td>Fadal 4525HT<\/td><\/tr><tr><td><strong>Spindle<\/strong><\/td><td>30hp, BT40, 10000rpm<\/td><\/tr><tr><td><strong>Table Size<\/strong><\/td><td>1330x635mm<\/td><\/tr><tr><td><strong>Travels<\/strong><\/td><td>X-travel: 1140mm<br>Y-travel: 630mm<br>Z-travel: 600mm<\/td><\/tr><\/tbody><\/table><\/figure>\n<\/div>\n\n\n\n<div class=\"wp-block-column\">\n<figure class=\"wp-block-table is-style-stripes\"><table><tbody><tr><td><strong>Brand<\/strong><\/td><td>Fadal VMC15XT<\/td><\/tr><tr><td><strong>Spindle<\/strong><\/td><td>15hp, SK40, 7500rpm<\/td><\/tr><tr><td><strong>Table size<\/strong><\/td><td>960x400mm<\/td><\/tr><tr><td><strong>Travels<\/strong><\/td><td>X-travel: 760mm<br>Y-travel: 400mm<br>Z-travel: 500mm<\/td><\/tr><\/tbody><\/table><\/figure>\n<\/div>\n<\/div>\n\n\n\n<h2 class=\"has-text-align-center has-black-color has-text-color\" id=\"virposana\"><strong>Virpo\u0161ana<\/strong><\/h2>\n\n\n\n<p class=\"has-text-align-center\">SIA Plie\u0146i-D\u201d&nbsp; pied\u0101v\u0101 CNC virpo\u0161anas pakalpojumus, izvirpojot da\u017e\u0101d\u0101k\u0101s formas un konfigur\u0101cijas deta\u013cas.<br>Pieejam\u0101s iek\u0101rtas:<\/p>\n\n\n\n<div class=\"wp-block-columns\">\n<div class=\"wp-block-column\">\n<figure class=\"wp-block-table is-style-stripes\"><table><tbody><tr><td><strong>Brand<\/strong><\/td><td>Okuma LR-25<\/td><\/tr><tr><td><strong>Spindle<\/strong><\/td><td>40hp, 12\u201d Chuck, 4000rpm<\/td><\/tr><tr><td><strong>Bore<\/strong><\/td><td>70mm<\/td><\/tr><tr><td><strong>Turning Specs<\/strong><\/td><td>Max. OD 500mm,<br>Max. Length 800mm<\/td><\/tr><\/tbody><\/table><\/figure>\n<\/div>\n\n\n\n<div class=\"wp-block-column\">\n<figure class=\"wp-block-table is-style-stripes\"><table><tbody><tr><td><strong>Brand<\/strong><\/td><td>Haas SL-20<\/td><\/tr><tr><td><strong>Spindle<\/strong><\/td><td>15hp, 8\u201d Chuck, 4000rpm<\/td><\/tr><tr><td><strong>Bore<\/strong><\/td><td>50mm<\/td><\/tr><tr><td><strong>Turning Specs<\/strong><\/td><td>Max OD 260mm, Max. Length 350mm<\/td><\/tr><\/tbody><\/table><\/figure>\n<\/div>\n<\/div>\n\n\n\n<h2 class=\"has-text-align-center has-black-color has-text-color\" id=\"citi\"><strong>Citi pakalpojumi<\/strong><\/h2>\n\n\n\n<div class=\"wp-block-columns\">\n<div class=\"wp-block-column\">\n<ul><li>Metin\u0101\u0161ana &#8211; da\u017e\u0101da veida un sare\u017e\u0123\u012bt\u012bbas konstrukciju metin\u0101\u0161ana: MIG, MAG, TIG.&nbsp; Ra\u017eotnes telferis l\u012bdz 5 tonn\u0101m.<\/li><li>Z\u0101\u0123\u0113\u0161ana &#8211; lentz\u0101\u0123is (max. 400&#215;400 sagatave)<\/li><li>Projekt\u0113\u0161ana &#8211; sagatavojam tehniskos ras\u0113jumus p\u0113c klientu skic\u0113m un deta\u013c\u0101m<\/li><li>\u0100rpakalpojumi &#8211; ar stabilu sadarb\u012bbas partneru loku nodro\u0161in\u0101m:<ul><li>Auksto cinko\u0161anu jeb galvaniz\u0101ciju<\/li><li>Karsto cinko\u0161anu<\/li><li>R\u016bd\u012b\u0161anu, nitrokarboniz\u0101ciju u.c.<\/li><li>Elektroeroziju<\/li><li>Pulverkr\u0101so\u0161anu<\/li><\/ul><\/li><\/ul>\n<\/div>\n<\/div>","protected":false},"excerpt":{"rendered":"<p>M\u016bsu pied\u0101v\u0101tie pakalpojumi Fr\u0113z\u0113\u0161ana M\u0113s pied\u0101v\u0101jam da\u017e\u0101das sare\u017e\u0123\u012bt\u012bbas deta\u013cas ar augstu precizit\u0101ti un kvalit\u0101ti. CNC fr\u0113z\u0113\u0161anas pakalpojumus nodro\u0161in\u0101m ar sekojo\u0161iem darbagaldiem: Brand HAAS VF-3 Spindle 20hp, BT40, 7500rpm Table Size 1200x500mm Travels X-travel: 1010mmY-travel: 500mmZ-travel: 630mmA-travel: 360deg and225mm spindle center to table. Brand Fadal 4525HT Spindle 30hp, BT40, 10000rpm Table Size 1330x635mm Travels X-travel: 1140mmY-travel: <a href=\"https:\/\/plienid.lv\/en\/pakalpojumi\/\" class=\"more-link\">&#8230;<\/a><\/p>","protected":false},"author":1,"featured_media":0,"parent":0,"menu_order":0,"comment_status":"closed","ping_status":"closed","template":"","meta":[],"_links":{"self":[{"href":"https:\/\/plienid.lv\/en\/wp-json\/wp\/v2\/pages\/23"}],"collection":[{"href":"https:\/\/plienid.lv\/en\/wp-json\/wp\/v2\/pages"}],"about":[{"href":"https:\/\/plienid.lv\/en\/wp-json\/wp\/v2\/types\/page"}],"author":[{"embeddable":true,"href":"https:\/\/plienid.lv\/en\/wp-json\/wp\/v2\/users\/1"}],"replies":[{"embeddable":true,"href":"https:\/\/plienid.lv\/en\/wp-json\/wp\/v2\/comments?post=23"}],"version-history":[{"count":54,"href":"https:\/\/plienid.lv\/en\/wp-json\/wp\/v2\/pages\/23\/revisions"}],"predecessor-version":[{"id":445,"href":"https:\/\/plienid.lv\/en\/wp-json\/wp\/v2\/pages\/23\/revisions\/445"}],"wp:attachment":[{"href":"https:\/\/plienid.lv\/en\/wp-json\/wp\/v2\/media?parent=23"}],"curies":[{"name":"wp","href":"https:\/\/api.w.org\/{rel}","templated":true}]}}