{"id":27,"date":"2020-11-12T10:21:43","date_gmt":"2020-11-12T10:21:43","guid":{"rendered":"http:\/\/plienid.lv\/?page_id=27"},"modified":"2020-11-30T13:16:02","modified_gmt":"2020-11-30T13:16:02","slug":"kontakti","status":"publish","type":"page","link":"https:\/\/plienid.lv\/en\/kontakti\/","title":{"rendered":"Kontakti"},"content":{"rendered":"<h1 class=\"has-text-align-center has-black-color has-text-color\"><strong>Sazinies ar mums!<\/strong><\/h1>\n\n\n\n<div class=\"wp-block-columns\">\n<div class=\"wp-block-column\">\n<h2 class=\"has-text-align-center has-black-color has-text-color\"><strong>Kontakti<\/strong><\/h2>\n\n\n\n<p class=\"has-text-align-left has-black-color has-text-color\"><strong>Juridisk\u0101 adrese<\/strong>: Rai\u0146a iela 12, Skrunda, Skrundas novads, LV-3326<\/p>\n\n\n\n<p class=\"has-text-align-left has-black-color has-text-color\"><strong>Faktisk\u0101 adrese<\/strong>: Cieceres iela 2A, Ciecere, Skrundas novads, LV-3326<\/p>\n\n\n\n<p class=\"has-text-align-left has-black-color has-text-color\"><strong>Telefons:<\/strong> <a href=\"tel:25665884\" data-type=\"tel\" data-id=\"tel:25665884\">+371 25665884<\/a><\/p>\n\n\n\n<p class=\"has-text-align-left has-black-color has-text-color\"><strong>E-pasts<\/strong>: <a href=\"mailto:info@plienid.lv\">info@plienid.lv<\/a><\/p>\n\n\n\n<p class=\"has-text-align-left has-black-color has-text-color\"><strong>Darba laiks<\/strong>: 8.00-17.00 (I-V)<\/p>\n<\/div>\n\n\n\n<div class=\"wp-block-column\">\n<h2 class=\"has-text-align-center has-black-color has-text-color\"><strong>Rekviz\u012bti<\/strong><\/h2>\n\n\n\n<p class=\"has-black-color has-text-color\"><strong>PVN Nr<\/strong>.: LV41203025900<\/p>\n\n\n\n<p class=\"has-black-color has-text-color\"><strong>Konta Nr<\/strong>.: LV15UNLA0050015360240<\/p>\n\n\n\n<p class=\"has-black-color has-text-color\"><strong>SWIFT:<\/strong> UNLALV2X<\/p>\n<\/div>\n<\/div>\n\n\n\n<ul class=\"wp-block-social-links is-style-default\">\n\n<li class=\"wp-social-link wp-social-link-facebook\"><a href=\"https:\/\/www.facebook.com\/plienid\/\" aria-label=\"Facebook\"> <svg width=\"24\" height=\"24\" viewbox=\"0 0 24 24\" version=\"1.1\" xmlns=\"http:\/\/www.w3.org\/2000\/svg\" role=\"img\" aria-hidden=\"true\" focusable=\"false\"><path d=\"M12 2C6.5 2 2 6.5 2 12c0 5 3.7 9.1 8.4 9.9v-7H7.9V12h2.5V9.8c0-2.5 1.5-3.9 3.8-3.9 1.1 0 2.2.2 2.2.2v2.5h-1.3c-1.2 0-1.6.8-1.6 1.6V12h2.8l-.4 2.9h-2.3v7C18.3 21.1 22 17 22 12c0-5.5-4.5-10-10-10z\"><\/path><\/svg><\/a><\/li>\n\n\n\n\n\n<\/ul>\n\n\n\n<div style=\"height:20px\" aria-hidden=\"true\" class=\"wp-block-spacer\"><\/div>\n\n\n\n<div class=\"wp-block-cover alignwide has-white-background-color has-background-dim\"><div class=\"wp-block-cover__inner-container\">\n<iframe class=\"maps-iframe\" src=\"https:\/\/maps.google.com\/maps?q=Cieceres%20iela%202a,%20Ciecere,%20Skrundas%20novads,%20LV-%203326&amp;t=&amp;z=13&amp;ie=UTF8&amp;iwloc=B&amp;output=embed\" scrolling=\"no\" marginheight=\"0\" marginwidth=\"0\" height=\"400\" frameborder=\"0\"><\/iframe>\n<\/div><\/div>","protected":false},"excerpt":{"rendered":"<p>Sazinies ar mums! Kontakti Juridisk\u0101 adrese: Rai\u0146a iela 12, Skrunda, Skrundas novads, LV-3326 Faktisk\u0101 adrese: Cieceres iela 2A, Ciecere, Skrundas novads, LV-3326 Telefons: +371 25665884 E-pasts: info@plienid.lv Darba laiks: 8.00-17.00 (I-V) Rekviz\u012bti PVN Nr.: LV41203025900 Konta Nr.: LV15UNLA0050015360240 SWIFT: UNLALV2X<\/p>","protected":false},"author":1,"featured_media":0,"parent":0,"menu_order":0,"comment_status":"closed","ping_status":"closed","template":"","meta":[],"_links":{"self":[{"href":"https:\/\/plienid.lv\/en\/wp-json\/wp\/v2\/pages\/27"}],"collection":[{"href":"https:\/\/plienid.lv\/en\/wp-json\/wp\/v2\/pages"}],"about":[{"href":"https:\/\/plienid.lv\/en\/wp-json\/wp\/v2\/types\/page"}],"author":[{"embeddable":true,"href":"https:\/\/plienid.lv\/en\/wp-json\/wp\/v2\/users\/1"}],"replies":[{"embeddable":true,"href":"https:\/\/plienid.lv\/en\/wp-json\/wp\/v2\/comments?post=27"}],"version-history":[{"count":46,"href":"https:\/\/plienid.lv\/en\/wp-json\/wp\/v2\/pages\/27\/revisions"}],"predecessor-version":[{"id":449,"href":"https:\/\/plienid.lv\/en\/wp-json\/wp\/v2\/pages\/27\/revisions\/449"}],"wp:attachment":[{"href":"https:\/\/plienid.lv\/en\/wp-json\/wp\/v2\/media?parent=27"}],"curies":[{"name":"wp","href":"https:\/\/api.w.org\/{rel}","templated":true}]}}